{"id":406,"date":"2025-12-11T14:58:50","date_gmt":"2025-12-11T17:58:50","guid":{"rendered":"https:\/\/eduardovillao.me\/pt-br\/?page_id=406"},"modified":"2026-02-10T16:54:49","modified_gmt":"2026-02-10T19:54:49","slug":"sobre","status":"publish","type":"page","link":"https:\/\/eduardovillao.me\/pt-br\/sobre\/","title":{"rendered":"Sobre"},"content":{"rendered":"\n<h1 class=\"wp-block-heading\">Prazer, Eduardo Vill\u00e3o!<\/h1>\n\n\n\n<p class=\"has-muted-2-color has-text-color has-link-color wp-elements-93d1e5077e0205a5b3a7ebfc09458908\">Sou um desenvolvedor full-stack orientado a produto, com mais de uma d\u00e9cada de experi\u00eancia criando aplica\u00e7\u00f5es web de alto impacto. Possuo uma base s\u00f3lida em WordPress e trabalho tamb\u00e9m com stacks modernas como React, Next.js, PHP (Symfony, Laravel) e Ruby on Rails (incluindo Hotwire). Al\u00e9m da parte tecnol\u00f3gica, atuo fortemente no design e arquitetura de plataformas SaaS multi-tenant e na integra\u00e7\u00e3o de fluxos avan\u00e7ados impulsionados por IA.<\/p>\n\n\n\n<p class=\"has-muted-2-color has-text-color has-link-color wp-elements-2a0138945e13ae8f397bfe32e7851083\">Originalmente sou formado em psicologia, migrei para tecnologia em 2014. Esse background segue moldando minha forma de pensar: valorizo compreender comportamento do usu\u00e1rio, reduzir fric\u00e7\u00f5es e construir sistemas que realmente entregam valor. Seja projetando plataformas robustas, otimizando experi\u00eancias com IA ou criando solu\u00e7\u00f5es escal\u00e1veis em diferentes stacks. Sempre come\u00e7o pelo problema, n\u00e3o pela tecnologia.<\/p>\n\n\n\n<p class=\"has-muted-2-color has-text-color has-link-color wp-elements-1069ef3f25b29e6822f0114607baf3f8\">Passei nove anos trabalhando como contratante independente, o que fortaleceu meu mindset empreendedor. Aprendi a atrair clientes, comunicar claramente, entregar com consist\u00eancia e demonstrar valor atrav\u00e9s de m\u00e9tricas e resultados, n\u00e3o opini\u00f5es. Essa mentalidade orienta cada decis\u00e3o t\u00e9cnica e de produto que tomo.<\/p>\n\n\n\n<p class=\"has-muted-2-color has-text-color has-link-color wp-elements-bcb8ba495d52e01d8f574da0e285ca68\">Antes da tecnologia, competi por 15 anos como nadador profissional em n\u00edveis nacional e internacional. Essa trajet\u00f3ria moldou minha disciplina, resili\u00eancia e foco em performance, qualidades que carrego para desafios de engenharia e estrat\u00e9gia de produto no longo prazo.<\/p>\n\n\n\n<p class=\"has-muted-2-color has-text-color has-link-color wp-elements-b0b4d415f89d7d9e94f75de3f0d25502\">Hoje, me especializo em construir plataformas escal\u00e1veis, integrar e otimizar experi\u00eancias baseadas em IA, e ajudar equipes a entregar produtos melhores, mais r\u00e1pido, orientado a dados, e com execu\u00e7\u00e3o t\u00e9cnica s\u00f3lida. Meu foco est\u00e1 sempre no custo-benef\u00edcio de cada iniciativa, garantindo impacto real e valor sustent\u00e1vel.<\/p>\n\n\n\n<p class=\"has-muted-2-color has-text-color has-link-color wp-elements-a50f570d8a17f297d761fed84c4712d9\">Se voc\u00ea se interessa por engenharia de software, IA, estrat\u00e9gia de produto, WordPress, Next.js, Symfony ou por construir SaaS do zero, provavelmente vai se sentir em casa aqui.<\/p>\n","protected":false},"excerpt":{"rendered":"<p>Prazer, Eduardo Vill\u00e3o! Sou um desenvolvedor full-stack orientado a produto, com mais de uma d\u00e9cada de experi\u00eancia criando aplica\u00e7\u00f5es web de alto impacto. Possuo uma base s\u00f3lida em WordPress e trabalho tamb\u00e9m com stacks modernas como React, Next.js, PHP (Symfony, Laravel) e Ruby on Rails (incluindo Hotwire). Al\u00e9m da parte tecnol\u00f3gica, atuo fortemente no design [&hellip;]<\/p>\n","protected":false},"author":1,"featured_media":0,"parent":0,"menu_order":0,"comment_status":"closed","ping_status":"closed","template":"","meta":{"footnotes":""},"class_list":["post-406","page","type-page","status-publish","hentry"],"yoast_head":"<!-- This site is optimized with the Yoast SEO plugin v27.2 - https:\/\/yoast.com\/product\/yoast-seo-wordpress\/ -->\n<title>Sobre Eduardo Vill\u00e3o | Desenvolvedor Full-Stack orientado a produto e IA<\/title>\n<meta name=\"description\" content=\"Sou Eduardo Vill\u00e3o, desenvolvedor full-stack orientado a produto, com mais de 10 anos construindo solu\u00e7\u00f5es de alto impacto em WordPress, Next.js, Symfony, IA e plataformas SaaS multi-tenant.\" \/>\n<meta name=\"robots\" content=\"index, follow, max-snippet:-1, max-image-preview:large, max-video-preview:-1\" \/>\n<link rel=\"canonical\" href=\"https:\/\/eduardovillao.me\/pt-br\/sobre\/\" \/>\n<meta property=\"og:locale\" content=\"pt_BR\" \/>\n<meta property=\"og:type\" content=\"article\" \/>\n<meta property=\"og:title\" content=\"Sobre Eduardo Vill\u00e3o | Desenvolvedor Full-Stack orientado a produto e IA\" \/>\n<meta property=\"og:description\" content=\"Sou Eduardo Vill\u00e3o, desenvolvedor full-stack orientado a produto, com mais de 10 anos construindo solu\u00e7\u00f5es de alto impacto em WordPress, Next.js, Symfony, IA e plataformas SaaS multi-tenant.\" \/>\n<meta property=\"og:url\" content=\"https:\/\/eduardovillao.me\/pt-br\/sobre\/\" \/>\n<meta property=\"og:site_name\" content=\"EduardoVill\u00e3o\" \/>\n<meta property=\"article:modified_time\" content=\"2026-02-10T19:54:49+00:00\" \/>\n<meta name=\"twitter:card\" content=\"summary_large_image\" \/>\n<meta name=\"twitter:label1\" content=\"Est. tempo de leitura\" \/>\n\t<meta name=\"twitter:data1\" content=\"2 minutos\" \/>\n<script type=\"application\/ld+json\" class=\"yoast-schema-graph\">{\"@context\":\"https:\/\/schema.org\",\"@graph\":[{\"@type\":\"WebPage\",\"@id\":\"https:\/\/eduardovillao.me\/pt-br\/sobre\/\",\"url\":\"https:\/\/eduardovillao.me\/pt-br\/sobre\/\",\"name\":\"Sobre Eduardo Vill\u00e3o | Desenvolvedor Full-Stack orientado a produto e IA\",\"isPartOf\":{\"@id\":\"https:\/\/eduardovillao.me\/pt-br\/#website\"},\"datePublished\":\"2025-12-11T17:58:50+00:00\",\"dateModified\":\"2026-02-10T19:54:49+00:00\",\"description\":\"Sou Eduardo Vill\u00e3o, desenvolvedor full-stack orientado a produto, com mais de 10 anos construindo solu\u00e7\u00f5es de alto impacto em WordPress, Next.js, Symfony, IA e plataformas SaaS multi-tenant.\",\"breadcrumb\":{\"@id\":\"https:\/\/eduardovillao.me\/pt-br\/sobre\/#breadcrumb\"},\"inLanguage\":\"pt-BR\",\"potentialAction\":[{\"@type\":\"ReadAction\",\"target\":[\"https:\/\/eduardovillao.me\/pt-br\/sobre\/\"]}]},{\"@type\":\"BreadcrumbList\",\"@id\":\"https:\/\/eduardovillao.me\/pt-br\/sobre\/#breadcrumb\",\"itemListElement\":[{\"@type\":\"ListItem\",\"position\":1,\"name\":\"In\u00edcio\",\"item\":\"https:\/\/eduardovillao.me\/pt-br\/\"},{\"@type\":\"ListItem\",\"position\":2,\"name\":\"Sobre\"}]},{\"@type\":\"WebSite\",\"@id\":\"https:\/\/eduardovillao.me\/pt-br\/#website\",\"url\":\"https:\/\/eduardovillao.me\/pt-br\/\",\"name\":\"Eduardo Vill\u00e3o\",\"description\":\"Desenvolvedor WordPress\",\"publisher\":{\"@id\":\"https:\/\/eduardovillao.me\/pt-br\/#\/schema\/person\/0b31d7718731423a5690327637f6c192\"},\"potentialAction\":[{\"@type\":\"SearchAction\",\"target\":{\"@type\":\"EntryPoint\",\"urlTemplate\":\"https:\/\/eduardovillao.me\/pt-br\/?s={search_term_string}\"},\"query-input\":{\"@type\":\"PropertyValueSpecification\",\"valueRequired\":true,\"valueName\":\"search_term_string\"}}],\"inLanguage\":\"pt-BR\"},{\"@type\":[\"Person\",\"Organization\"],\"@id\":\"https:\/\/eduardovillao.me\/pt-br\/#\/schema\/person\/0b31d7718731423a5690327637f6c192\",\"name\":\"Eduardo Vill\u00e3o\",\"image\":{\"@type\":\"ImageObject\",\"inLanguage\":\"pt-BR\",\"@id\":\"https:\/\/eduardovillao.me\/pt-br\/wp-content\/uploads\/sites\/2\/2023\/02\/T02CTFSCY-U033ZDQVAHY-3ad84321ff5b-512.png\",\"url\":\"https:\/\/eduardovillao.me\/pt-br\/wp-content\/uploads\/sites\/2\/2023\/02\/T02CTFSCY-U033ZDQVAHY-3ad84321ff5b-512.png\",\"contentUrl\":\"https:\/\/eduardovillao.me\/pt-br\/wp-content\/uploads\/sites\/2\/2023\/02\/T02CTFSCY-U033ZDQVAHY-3ad84321ff5b-512.png\",\"width\":512,\"height\":512,\"caption\":\"Eduardo Vill\u00e3o\"},\"logo\":{\"@id\":\"https:\/\/eduardovillao.me\/pt-br\/wp-content\/uploads\/sites\/2\/2023\/02\/T02CTFSCY-U033ZDQVAHY-3ad84321ff5b-512.png\"},\"sameAs\":[\"https:\/\/www.linkedin.com\/in\/eduardo-villo-wordpress-developer\/\",\"https:\/\/www.youtube.com\/channel\/UCPhqulWKsgaFA_Yl2gMe1Lw\"]}]}<\/script>\n<!-- \/ Yoast SEO plugin. -->","yoast_head_json":{"title":"Sobre Eduardo Vill\u00e3o | Desenvolvedor Full-Stack orientado a produto e IA","description":"Sou Eduardo Vill\u00e3o, desenvolvedor full-stack orientado a produto, com mais de 10 anos construindo solu\u00e7\u00f5es de alto impacto em WordPress, Next.js, Symfony, IA e plataformas SaaS multi-tenant.","robots":{"index":"index","follow":"follow","max-snippet":"max-snippet:-1","max-image-preview":"max-image-preview:large","max-video-preview":"max-video-preview:-1"},"canonical":"https:\/\/eduardovillao.me\/pt-br\/sobre\/","og_locale":"pt_BR","og_type":"article","og_title":"Sobre Eduardo Vill\u00e3o | Desenvolvedor Full-Stack orientado a produto e IA","og_description":"Sou Eduardo Vill\u00e3o, desenvolvedor full-stack orientado a produto, com mais de 10 anos construindo solu\u00e7\u00f5es de alto impacto em WordPress, Next.js, Symfony, IA e plataformas SaaS multi-tenant.","og_url":"https:\/\/eduardovillao.me\/pt-br\/sobre\/","og_site_name":"EduardoVill\u00e3o","article_modified_time":"2026-02-10T19:54:49+00:00","twitter_card":"summary_large_image","twitter_misc":{"Est. tempo de leitura":"2 minutos"},"schema":{"@context":"https:\/\/schema.org","@graph":[{"@type":"WebPage","@id":"https:\/\/eduardovillao.me\/pt-br\/sobre\/","url":"https:\/\/eduardovillao.me\/pt-br\/sobre\/","name":"Sobre Eduardo Vill\u00e3o | Desenvolvedor Full-Stack orientado a produto e IA","isPartOf":{"@id":"https:\/\/eduardovillao.me\/pt-br\/#website"},"datePublished":"2025-12-11T17:58:50+00:00","dateModified":"2026-02-10T19:54:49+00:00","description":"Sou Eduardo Vill\u00e3o, desenvolvedor full-stack orientado a produto, com mais de 10 anos construindo solu\u00e7\u00f5es de alto impacto em WordPress, Next.js, Symfony, IA e plataformas SaaS multi-tenant.","breadcrumb":{"@id":"https:\/\/eduardovillao.me\/pt-br\/sobre\/#breadcrumb"},"inLanguage":"pt-BR","potentialAction":[{"@type":"ReadAction","target":["https:\/\/eduardovillao.me\/pt-br\/sobre\/"]}]},{"@type":"BreadcrumbList","@id":"https:\/\/eduardovillao.me\/pt-br\/sobre\/#breadcrumb","itemListElement":[{"@type":"ListItem","position":1,"name":"In\u00edcio","item":"https:\/\/eduardovillao.me\/pt-br\/"},{"@type":"ListItem","position":2,"name":"Sobre"}]},{"@type":"WebSite","@id":"https:\/\/eduardovillao.me\/pt-br\/#website","url":"https:\/\/eduardovillao.me\/pt-br\/","name":"Eduardo Vill\u00e3o","description":"Desenvolvedor WordPress","publisher":{"@id":"https:\/\/eduardovillao.me\/pt-br\/#\/schema\/person\/0b31d7718731423a5690327637f6c192"},"potentialAction":[{"@type":"SearchAction","target":{"@type":"EntryPoint","urlTemplate":"https:\/\/eduardovillao.me\/pt-br\/?s={search_term_string}"},"query-input":{"@type":"PropertyValueSpecification","valueRequired":true,"valueName":"search_term_string"}}],"inLanguage":"pt-BR"},{"@type":["Person","Organization"],"@id":"https:\/\/eduardovillao.me\/pt-br\/#\/schema\/person\/0b31d7718731423a5690327637f6c192","name":"Eduardo Vill\u00e3o","image":{"@type":"ImageObject","inLanguage":"pt-BR","@id":"https:\/\/eduardovillao.me\/pt-br\/wp-content\/uploads\/sites\/2\/2023\/02\/T02CTFSCY-U033ZDQVAHY-3ad84321ff5b-512.png","url":"https:\/\/eduardovillao.me\/pt-br\/wp-content\/uploads\/sites\/2\/2023\/02\/T02CTFSCY-U033ZDQVAHY-3ad84321ff5b-512.png","contentUrl":"https:\/\/eduardovillao.me\/pt-br\/wp-content\/uploads\/sites\/2\/2023\/02\/T02CTFSCY-U033ZDQVAHY-3ad84321ff5b-512.png","width":512,"height":512,"caption":"Eduardo Vill\u00e3o"},"logo":{"@id":"https:\/\/eduardovillao.me\/pt-br\/wp-content\/uploads\/sites\/2\/2023\/02\/T02CTFSCY-U033ZDQVAHY-3ad84321ff5b-512.png"},"sameAs":["https:\/\/www.linkedin.com\/in\/eduardo-villo-wordpress-developer\/","https:\/\/www.youtube.com\/channel\/UCPhqulWKsgaFA_Yl2gMe1Lw"]}]}},"_links":{"self":[{"href":"https:\/\/eduardovillao.me\/pt-br\/wp-json\/wp\/v2\/pages\/406","targetHints":{"allow":["GET"]}}],"collection":[{"href":"https:\/\/eduardovillao.me\/pt-br\/wp-json\/wp\/v2\/pages"}],"about":[{"href":"https:\/\/eduardovillao.me\/pt-br\/wp-json\/wp\/v2\/types\/page"}],"author":[{"embeddable":true,"href":"https:\/\/eduardovillao.me\/pt-br\/wp-json\/wp\/v2\/users\/1"}],"replies":[{"embeddable":true,"href":"https:\/\/eduardovillao.me\/pt-br\/wp-json\/wp\/v2\/comments?post=406"}],"version-history":[{"count":10,"href":"https:\/\/eduardovillao.me\/pt-br\/wp-json\/wp\/v2\/pages\/406\/revisions"}],"predecessor-version":[{"id":426,"href":"https:\/\/eduardovillao.me\/pt-br\/wp-json\/wp\/v2\/pages\/406\/revisions\/426"}],"wp:attachment":[{"href":"https:\/\/eduardovillao.me\/pt-br\/wp-json\/wp\/v2\/media?parent=406"}],"curies":[{"name":"wp","href":"https:\/\/api.w.org\/{rel}","templated":true}]}}